{"id":22064,"date":"2024-07-28T15:43:59","date_gmt":"2024-07-28T13:43:59","guid":{"rendered":"https:\/\/www.infunda.com\/politica-de-cookies\/"},"modified":"2025-03-06T15:57:46","modified_gmt":"2025-03-06T14:57:46","slug":"politica-de-cookies","status":"publish","type":"page","link":"https:\/\/www.infunda.com\/ca\/politica-de-cookies\/","title":{"rendered":"Pol\u00edtica de cookies"},"content":{"rendered":"<p class=\"p1\"><b>1. Introducci\u00f3<\/b><b><\/b><\/p>\n<p class=\"p3\">A <span class=\"s1\"><b>Infunda<\/b><\/span> (d\u2019ara endavant, \u201cnosaltres\u201d, \u201cnostre\u201d o \u201cInfunda\u201d), utilitzem <span class=\"s1\"><b>cookies<\/b><\/span> i tecnologies similars per a <span class=\"s1\"><b>millorar l\u2019experi\u00e8ncia de l\u2019usuari<\/b><\/span>, analitzar el tr\u00e0nsit del lloc web i personalitzar el contingut. Aquesta pol\u00edtica explica qu\u00e8 s\u00f3n les <span class=\"s1\"><b>cookies<\/b><\/span>, quins tipus utilitzem i com pots gestionar-les.<\/p>\n<p class=\"p1\"><b>2. Qu\u00e8 s\u00f3n les cookies?<\/b><b><\/b><\/p>\n<p class=\"p3\">Les <span class=\"s1\"><b>cookies<\/b><\/span> s\u00f3n petits fitxers de text que els llocs web emmagatzemen al teu dispositiu quan els visites. Aquestes permeten recon\u00e8ixer el teu navegador i recordar informaci\u00f3 \u00fatil, com ara <span class=\"s1\"><b>prefer\u00e8ncies<\/b><\/span> o <span class=\"s1\"><b>sessions d\u2019usuari<\/b><\/span>.<\/p>\n<p class=\"p1\"><b>3. Tipus de cookies utilitzades<\/b><b><\/b><\/p>\n<p class=\"p3\">A <span class=\"s1\"><b>Infunda<\/b><\/span> utilitzem les seg\u00fcents categories de <span class=\"s1\"><b>cookies<\/b><\/span>:<\/p>\n<p class=\"p4\">\u2022<span class=\"s1\"><b>Cookies t\u00e8cniques (estrictament necess\u00e0ries)<\/b><\/span>: Permeten el funcionament b\u00e0sic del lloc web, com la <span class=\"s1\"><b>navegaci\u00f3<\/b><\/span> i l\u2019<span class=\"s1\"><b>acc\u00e9s a \u00e0rees segures<\/b><\/span>. Sense elles, la web no pot funcionar correctament.<\/p>\n<p class=\"p4\">\u2022<span class=\"s1\"><b>Cookies de personalitzaci\u00f3<\/b><\/span>: Guarden les teves <span class=\"s1\"><b>prefer\u00e8ncies<\/b><\/span> (idioma, regi\u00f3, etc.) per a millorar la teva experi\u00e8ncia a la web.<\/p>\n<p class=\"p4\">\u2022<span class=\"s1\"><b>Cookies d\u2019an\u00e0lisi i rendiment<\/b><\/span>: Ens ajuden a <span class=\"s1\"><b>mesurar el tr\u00e0nsit<\/b><\/span> i a analitzar com interactuen els usuaris amb el lloc web, per a millorar-ne el funcionament. Utilitzem eines com <span class=\"s1\"><b>Google Analytics<\/b><\/span>.<\/p>\n<p class=\"p4\">\u2022<span class=\"s1\"><b>Cookies publicit\u00e0ries i de xarxes socials<\/b><\/span>: Recullen informaci\u00f3 sobre els teus <span class=\"s1\"><b>h\u00e0bits de navegaci\u00f3<\/b><\/span> per a mostrar anuncis rellevants o permetre la integraci\u00f3 amb xarxes socials.<\/p>\n<p class=\"p1\"><b>4. Cookies pr\u00f2pies i de tercers<\/b><b><\/b><\/p>\n<p class=\"p4\">\u2022<span class=\"s1\"><b>Cookies pr\u00f2pies<\/b><\/span>: Gestionades per <span class=\"s1\"><b>Infunda<\/b><\/span> i necess\u00e0ries per al funcionament del lloc web.<\/p>\n<p class=\"p4\">\u2022<span class=\"s1\"><b>Cookies de tercers<\/b><\/span>: S\u00f3n establertes per serveis externs, com <span class=\"s1\"><b>Google Analytics<\/b><\/span> o xarxes socials. Pots consultar les seves respectives pol\u00edtiques de cookies:<\/p>\n<p class=\"p5\">\u2022<a href=\"https:\/\/policies.google.com\/privacy?hl=ca\">Google Analytics<\/a><\/p>\n<p class=\"p5\">\u2022<a href=\"https:\/\/www.facebook.com\/policies\/cookies\/\">Facebook<\/a><\/p>\n<p class=\"p5\">\u2022<a href=\"https:\/\/www.linkedin.com\/legal\/cookie-policy\">LinkedIn<\/a><\/p>\n<p class=\"p1\"><b>5. Durada de les cookies<\/b><b><\/b><\/p>\n<p class=\"p3\">Les cookies poden ser:<\/p>\n<p class=\"p4\">\u2022<span class=\"s1\"><b>De sessi\u00f3<\/b><\/span>: S\u2019eliminen autom\u00e0ticament quan tanques el navegador.<\/p>\n<p class=\"p4\">\u2022<span class=\"s1\"><b>Persistents<\/b><\/span>: Romanen en el teu dispositiu durant un per\u00edode determinat.<\/p>\n<p class=\"p1\"><b>6. Gesti\u00f3 i configuraci\u00f3 de cookies<\/b><b><\/b><\/p>\n<p class=\"p3\">Pots <span class=\"s1\"><b>acceptar, rebutjar o configurar<\/b><\/span> les cookies a trav\u00e9s del nostre <span class=\"s1\"><b>banner de cookies<\/b><\/span> o modificant la configuraci\u00f3 del teu navegador:<\/p>\n<p class=\"p4\">\u2022<span class=\"s1\"><b>Google Chrome<\/b><\/span>: <a href=\"https:\/\/support.google.com\/chrome\/answer\/95647?hl=ca\">Configuraci\u00f3 de cookies<\/a><\/p>\n<p class=\"p4\">\u2022<span class=\"s1\"><b>Mozilla Firefox<\/b><\/span>: <a href=\"https:\/\/support.mozilla.org\/ca\/kb\/activacio-i-desactivacio-de-les-cookies\">Configuraci\u00f3 de cookies<\/a><\/p>\n<p class=\"p4\">\u2022<span class=\"s1\"><b>Microsoft Edge<\/b><\/span>: <a href=\"https:\/\/support.microsoft.com\/ca-es\/microsoft-edge\/ver-y-eliminar-las-cookies-en-microsoft-edge-63947406-40ac-c3b8-57b9-2a946a29ae09\">Configuraci\u00f3 de cookies<\/a><\/p>\n<p class=\"p4\">\u2022<span class=\"s1\"><b>Safari<\/b><\/span>: <a href=\"https:\/\/support.apple.com\/ca-es\/guide\/safari\/sfri11471\/mac\">Configuraci\u00f3 de cookies<\/a><\/p>\n<p class=\"p1\"><b>7. Canvis en la Pol\u00edtica de Cookies<\/b><b><\/b><\/p>\n<p class=\"p3\">Ens reservem el dret de <span class=\"s1\"><b>modificar aquesta pol\u00edtica en qualsevol moment<\/b><\/span>. Qualsevol canvi es publicar\u00e0 en aquesta p\u00e0gina i, si \u00e9s necessari, es tornar\u00e0 a sol\u00b7licitar el teu consentiment.<\/p>\n<p class=\"p1\"><b>8. Contacte<\/b><b><\/b><\/p>\n<p class=\"p3\">Si tens dubtes sobre la nostra Pol\u00edtica de Cookies, pots contactar-nos a:<\/p>\n<p class=\"p6\"><span class=\"s2\">\ud83d\udce7 <\/span><b>infunda@infunda.com<\/b><b><\/b><\/p>\n<p class=\"p6\"><span class=\"s2\">\ud83d\udccd <\/span><b>Passatge del Metall, 15 Bis P. I. Sant Vicen\u00e7, 08755 CASTELLBISBAL, Barcelona (Spain)<\/b><\/p>\n","protected":false},"excerpt":{"rendered":"<p>1. Introducci\u00f3 A Infunda (d\u2019ara endavant, \u201cnosaltres\u201d, \u201cnostre\u201d o \u201cInfunda\u201d), utilitzem cookies i tecnologies similars per a millorar l\u2019experi\u00e8ncia de l\u2019usuari, analitzar el tr\u00e0nsit del lloc web i personalitzar el&hellip;<\/p>\n","protected":false},"author":1,"featured_media":0,"parent":0,"menu_order":0,"comment_status":"closed","ping_status":"closed","template":"","meta":{"footnotes":""},"class_list":["post-22064","page","type-page","status-publish","hentry"],"_links":{"self":[{"href":"https:\/\/www.infunda.com\/ca\/wp-json\/wp\/v2\/pages\/22064","targetHints":{"allow":["GET"]}}],"collection":[{"href":"https:\/\/www.infunda.com\/ca\/wp-json\/wp\/v2\/pages"}],"about":[{"href":"https:\/\/www.infunda.com\/ca\/wp-json\/wp\/v2\/types\/page"}],"author":[{"embeddable":true,"href":"https:\/\/www.infunda.com\/ca\/wp-json\/wp\/v2\/users\/1"}],"replies":[{"embeddable":true,"href":"https:\/\/www.infunda.com\/ca\/wp-json\/wp\/v2\/comments?post=22064"}],"version-history":[{"count":2,"href":"https:\/\/www.infunda.com\/ca\/wp-json\/wp\/v2\/pages\/22064\/revisions"}],"predecessor-version":[{"id":22605,"href":"https:\/\/www.infunda.com\/ca\/wp-json\/wp\/v2\/pages\/22064\/revisions\/22605"}],"wp:attachment":[{"href":"https:\/\/www.infunda.com\/ca\/wp-json\/wp\/v2\/media?parent=22064"}],"curies":[{"name":"wp","href":"https:\/\/api.w.org\/{rel}","templated":true}]}}