{"id":22201,"date":"2024-07-28T15:32:10","date_gmt":"2024-07-28T13:32:10","guid":{"rendered":"https:\/\/www.infunda.com\/politica-de-privadesa\/"},"modified":"2024-12-24T13:20:57","modified_gmt":"2024-12-24T12:20:57","slug":"politica-de-privadesa","status":"publish","type":"page","link":"https:\/\/www.infunda.com\/ca\/politica-de-privadesa\/","title":{"rendered":"Pol\u00edtica de privadesa"},"content":{"rendered":"\t\t<div data-elementor-type=\"wp-page\" data-elementor-id=\"22201\" class=\"elementor elementor-22201 elementor-20674\">\n\t\t\t\t\t\t<section class=\"elementor-section elementor-top-section elementor-element elementor-element-390bfa9b elementor-section-boxed elementor-section-height-default elementor-section-height-default sc_fly_static\" data-id=\"390bfa9b\" data-element_type=\"section\">\n\t\t\t\t\t\t<div class=\"elementor-container elementor-column-gap-extended\">\n\t\t\t\t\t<div class=\"elementor-column elementor-col-100 elementor-top-column elementor-element elementor-element-15ddc19 sc_inner_width_none sc_content_align_inherit sc_layouts_column_icons_position_left sc_fly_static\" data-id=\"15ddc19\" data-element_type=\"column\">\n\t\t\t<div class=\"elementor-widget-wrap elementor-element-populated\">\n\t\t\t\t\t\t<div class=\"elementor-element elementor-element-4c41eb37 sc_fly_static elementor-widget elementor-widget-text-editor\" data-id=\"4c41eb37\" data-element_type=\"widget\" data-widget_type=\"text-editor.default\">\n\t\t\t\t<div class=\"elementor-widget-container\">\n\t\t\t\t\t\t\t<h4 id=\"informaci-n-al-usuario\">INFORMACI\u00d3 A L&#8217;USUARI<\/h4>\n<p><strong>INFUNDA SA<\/strong> , d&#8217;ara endavant RESPONSABLE, \u00e9s el Responsable del tractament de les dades personals de l&#8217;Usuari i us informa que aquestes dades seran tractades de conformitat amb el que disposen les normatives vigents en protecci\u00f3 de dades personals, el Reglament (UE) 2016\/679 de 27 d&#8217;abril de 2016 (GDPR) relatiu a la protecci\u00f3 de les persones f\u00edsiques pel que fa al tractament de dades personals ia la lliure circulaci\u00f3 de aquestes dades, per la qual cosa se li facilita la informaci\u00f3 seg\u00fcent del tractament:<br \/><strong>Fi del tractament<\/strong> : mantenir una relaci\u00f3 comercial amb l&#8217;Usuari. Les operacions previstes per realitzar el tractament s\u00f3n: <\/p>\n<ul>\n<li>Remissi\u00f3 de comunicacions comercials publicit\u00e0ries per email, fax, SMS, MMS, comunitats socials o qualsevol altre mitj\u00e0 electr\u00f2nic o f\u00edsic, present o futur, que possibiliti fer comunicacions comercials, sempre que hagi estat autoritzades pr\u00e8viament. Aquestes comunicacions seran realitzades pel RESPONSABLE i relacionades sobre els seus productes i serveis, o dels seus col\u00b7laboradors o prove\u00efdors amb qu\u00e8 aquest hagi assolit algun acord de promoci\u00f3. En aquest cas, els tercers mai no tindran acc\u00e9s a les dades personals.  <\/li>\n<li>Realitzar estudis estad\u00edstics.<\/li>\n<li>Tramitar enc\u00e0rrecs, sol\u00b7licituds o qualsevol tipus de petici\u00f3 que sigui realitzada per l&#8217;usuari a trav\u00e9s de qualsevol de les formes de contacte que es posen a la vostra disposici\u00f3.<\/li>\n<li>Remetre el butllet\u00ed de not\u00edcies de la p\u00e0gina web.<\/li>\n<\/ul>\n<p><strong>Criteris de conservaci\u00f3 de les dades<\/strong> : es conservaran mentre hi hagi un inter\u00e8s mutu per mantenir la fi del tractament i quan ja no sigui necessari per a tal fi, se suprimiran amb mesures de seguretat adequades per garantir la pseudonimitzaci\u00f3 de les dades o la destrucci\u00f3 total de les dades mateixos.<br \/> <strong>Comunicaci\u00f3 de les dades<\/strong> : No es comunicaran les dades a tercers, excepte obligaci\u00f3 legal.<br \/> <strong>Drets que assisteixen a l&#8217;Usuari<\/strong> :<\/p>\n<ul>\n<li>Dret a retirar el consentiment en qualsevol moment.<\/li>\n<li>Dret d&#8217;acc\u00e9s, rectificaci\u00f3, portabilitat i supressi\u00f3 de les vostres dades ia la limitaci\u00f3 o oposici\u00f3 al tractament.<\/li>\n<li>Dret a presentar una reclamaci\u00f3 davant de l&#8217;autoritat de control (www.aepd.es.) si considera que el tractament no s&#8217;ajusta a la normativa vigent.<\/li>\n<\/ul>\n<p><strong>Dades de contacte per exercir els seus drets<\/strong> :<br \/> INFUNDA SA<br \/> Adre\u00e7a postal: Passatge del Metall, 15 Bis PI Sant Vicen\u00e7, 08755 CASTELLBISBAL \u2013 Barcelona (Spain)<br \/> Correu electr\u00f2nic: <span style=\"color: #85b7d5;\"><a href=\"mailto:infunda@infunda.com\">infunda@infunda.com<\/a><\/span><\/p>\n<h4 id=\"car-cter-obligatorio-o-facultativo-de-la-informaci-n-facilitada-por-el-usuario\">CAR\u00c0CTER OBLIGATORI O FACULTATIU DE LA INFORMACI\u00d3 FACILITADA PER L&#8217;USUARI<\/h4>\n<p>Els Usuaris, mitjan\u00e7ant la marcaci\u00f3 de les caselles corresponents i entrada de dades als camps, marcats amb un asterisc (*) al formulari de contacte o presentats en formularis de desc\u00e0rrega, accepten expressament i de forma lliure i inequ\u00edvoca, que les seves dades s\u00f3n necessaris per atendre la seva petici\u00f3, per part del prestador, i \u00e9s volunt\u00e0ria la inclusi\u00f3 de dades en els camps restants. L&#8217;Usuari garanteix que les dades personals facilitades al RESPONSABLE s\u00f3n veraces i es fa responsable de comunicar-ne qualsevol modificaci\u00f3.<br \/> El RESPONSABLE informa i garanteix expressament als usuaris que les seves dades personals no seran cedides en cap cas a tercers, i que sempre que realitz\u00e9s algun tipus de cessi\u00f3 de dades personals, es demanar\u00e0 pr\u00e8viament el consentiment expr\u00e9s, informat i inequ\u00edvoc per part dels usuaris. Totes les dades sol\u00b7licitades a trav\u00e9s del lloc web s\u00f3n obligat\u00f2ries, ja que s\u00f3n necess\u00e0ries per a la prestaci\u00f3 d&#8217;un servei \u00f2ptim a l&#8217;usuari. En cas que no siguin facilitades totes les dades, no es garanteix que la informaci\u00f3 i els serveis facilitats siguin completament ajustats a les seves necessitats.   <\/p>\n<h4 id=\"medidas-de-seguridad\">MESURES DE SEGURETAT<\/h4>\n<p>Que de conformitat amb el que disposen les normatives vigents en protecci\u00f3 de dades personals, el RESPONSABLE est\u00e0 complint amb totes les disposicions de les normatives GDPR per al tractament de les dades personals de la seva responsabilitat, i manifestament amb els principis descrits a l&#8217;article 5 del GDPR, pels quals s\u00f3n tractats de manera l\u00edcita, lleial i transparent en relaci\u00f3 amb l&#8217;interessat i adequats, pertinents i limitats a all\u00f2 necessari en relaci\u00f3 amb els fins per als que s\u00f3n tractats.<br \/>El RESPONSABLE garanteix que ha implementat pol\u00edtiques t\u00e8cniques i organitzatives apropiades per aplicar les mesures de seguretat que estableixen el GDPR per tal de protegir els drets i les llibertats dels Usuaris i els ha comunicat la informaci\u00f3 adequada perqu\u00e8 puguin exercir-los.<\/p>\n\t\t\t\t\t\t<\/div>\n\t\t\t\t<\/div>\n\t\t\t\t\t<\/div>\n\t\t<\/div>\n\t\t\t\t\t<\/div>\n\t\t<\/section>\n\t\t\t\t<\/div>\n\t\t","protected":false},"excerpt":{"rendered":"<p>INFORMACI\u00d3 A L&#8217;USUARI INFUNDA SA , d&#8217;ara endavant RESPONSABLE, \u00e9s el Responsable del tractament de les dades personals de l&#8217;Usuari i us informa que aquestes dades seran tractades de conformitat&hellip;<\/p>\n","protected":false},"author":1,"featured_media":0,"parent":0,"menu_order":0,"comment_status":"closed","ping_status":"closed","template":"","meta":{"footnotes":""},"class_list":["post-22201","page","type-page","status-publish","hentry"],"_links":{"self":[{"href":"https:\/\/www.infunda.com\/ca\/wp-json\/wp\/v2\/pages\/22201","targetHints":{"allow":["GET"]}}],"collection":[{"href":"https:\/\/www.infunda.com\/ca\/wp-json\/wp\/v2\/pages"}],"about":[{"href":"https:\/\/www.infunda.com\/ca\/wp-json\/wp\/v2\/types\/page"}],"author":[{"embeddable":true,"href":"https:\/\/www.infunda.com\/ca\/wp-json\/wp\/v2\/users\/1"}],"replies":[{"embeddable":true,"href":"https:\/\/www.infunda.com\/ca\/wp-json\/wp\/v2\/comments?post=22201"}],"version-history":[{"count":1,"href":"https:\/\/www.infunda.com\/ca\/wp-json\/wp\/v2\/pages\/22201\/revisions"}],"predecessor-version":[{"id":22202,"href":"https:\/\/www.infunda.com\/ca\/wp-json\/wp\/v2\/pages\/22201\/revisions\/22202"}],"wp:attachment":[{"href":"https:\/\/www.infunda.com\/ca\/wp-json\/wp\/v2\/media?parent=22201"}],"curies":[{"name":"wp","href":"https:\/\/api.w.org\/{rel}","templated":true}]}}