{"id":22068,"date":"2024-07-28T15:43:59","date_gmt":"2024-07-28T13:43:59","guid":{"rendered":"https:\/\/www.infunda.com\/cookie-richtlinie\/"},"modified":"2025-03-06T16:02:58","modified_gmt":"2025-03-06T15:02:58","slug":"cookie-richtlinie","status":"publish","type":"page","link":"https:\/\/www.infunda.com\/de\/cookie-richtlinie\/","title":{"rendered":"Cookie-Richtlinie"},"content":{"rendered":"<p class=\"p1\"><b>1. Einf\u00fchrung<\/b><b><\/b><\/p>\n<p class=\"p3\">Bei <span class=\"s1\"><b>Infunda<\/b><\/span> (im Folgenden \u201ewir\u201c, \u201euns\u201c oder \u201eInfunda\u201c) verwenden wir <span class=\"s1\"><b>Cookies<\/b><\/span> und \u00e4hnliche Technologien, um die <span class=\"s1\"><b>Benutzererfahrung zu verbessern<\/b><\/span>, den Website-Verkehr zu analysieren und Inhalte zu personalisieren. Diese Richtlinie erkl\u00e4rt, was <span class=\"s1\"><b>Cookies<\/b><\/span> sind, welche Arten wir verwenden und wie Sie sie verwalten k\u00f6nnen.<\/p>\n<p class=\"p1\"><b>2. Was sind Cookies?<\/b><b><\/b><\/p>\n<p class=\"p3\">Cookies sind kleine Textdateien, die von Websites auf Ihrem Ger\u00e4t gespeichert werden, wenn Sie diese besuchen. Sie erm\u00f6glichen es Websites, Ihren Browser zu erkennen und n\u00fctzliche Informationen zu speichern, wie z. B. <span class=\"s1\"><b>Einstellungen<\/b><\/span> oder <span class=\"s1\"><b>Benutzersitzungen<\/b><\/span>.<\/p>\n<p class=\"p1\"><b>3. Arten von verwendeten Cookies<\/b><b><\/b><\/p>\n<p class=\"p3\">Bei <span class=\"s1\"><b>Infunda<\/b><\/span> verwenden wir die folgenden <span class=\"s1\"><b>Cookie-Kategorien<\/b><\/span>:<\/p>\n<p class=\"p4\">\u2022<span class=\"s1\"><b>Technische Cookies (unbedingt erforderlich)<\/b><\/span>: Diese erm\u00f6glichen das <span class=\"s1\"><b>Grundfunktionieren<\/b><\/span> der Website, wie <span class=\"s1\"><b>Navigation<\/b><\/span> und <span class=\"s1\"><b>Zugriff auf gesch\u00fctzte Bereiche<\/b><\/span>. Ohne sie kann die Website nicht ordnungsgem\u00e4\u00df funktionieren.<\/p>\n<p class=\"p4\">\u2022<span class=\"s1\"><b>Personalisierungs-Cookies<\/b><\/span>: Diese speichern Ihre <span class=\"s1\"><b>Einstellungen<\/b><\/span> (Sprache, Region usw.), um Ihr Benutzererlebnis zu verbessern.<\/p>\n<p class=\"p4\">\u2022<span class=\"s1\"><b>Analyse- und Leistungs-Cookies<\/b><\/span>: Diese helfen uns, den <span class=\"s1\"><b>Website-Verkehr zu messen<\/b><\/span> und zu analysieren, wie Benutzer mit der Website interagieren, um deren Leistung zu verbessern. Wir verwenden Tools wie <span class=\"s1\"><b>Google Analytics<\/b><\/span>.<\/p>\n<p class=\"p4\">\u2022<span class=\"s1\"><b>Werbe- und Social-Media-Cookies<\/b><\/span>: Diese sammeln Informationen \u00fcber Ihre <span class=\"s1\"><b>Surfgewohnheiten<\/b><\/span>, um relevante Anzeigen anzuzeigen oder die Integration mit sozialen Netzwerken zu erm\u00f6glichen.<\/p>\n<p class=\"p1\"><b>4. Eigene und Drittanbieter-Cookies<\/b><b><\/b><\/p>\n<p class=\"p4\">\u2022<span class=\"s1\"><b>Eigene Cookies<\/b><\/span>: Diese werden von <span class=\"s1\"><b>Infunda<\/b><\/span> verwaltet und sind f\u00fcr die Funktion der Website erforderlich.<\/p>\n<p class=\"p4\">\u2022<span class=\"s1\"><b>Drittanbieter-Cookies<\/b><\/span>: Diese werden von externen Diensten wie <span class=\"s1\"><b>Google Analytics<\/b><\/span> oder sozialen Netzwerken gesetzt. Sie k\u00f6nnen deren jeweilige Cookie-Richtlinien einsehen:<\/p>\n<p class=\"p5\">\u2022<a href=\"https:\/\/policies.google.com\/privacy?hl=de\">Google Analytics<\/a><\/p>\n<p class=\"p5\">\u2022<a href=\"https:\/\/www.facebook.com\/policies\/cookies\/\">Facebook<\/a><\/p>\n<p class=\"p5\">\u2022<a href=\"https:\/\/www.linkedin.com\/legal\/cookie-policy\">LinkedIn<\/a><\/p>\n<p class=\"p1\"><b>5. Dauer der Cookies<\/b><b><\/b><\/p>\n<p class=\"p3\">Cookies k\u00f6nnen sein:<\/p>\n<p class=\"p4\">\u2022<span class=\"s1\"><b>Sitzungscookies<\/b><\/span>: Diese werden automatisch gel\u00f6scht, wenn Sie Ihren Browser schlie\u00dfen.<\/p>\n<p class=\"p4\">\u2022<span class=\"s1\"><b>Permanente Cookies<\/b><\/span>: Diese bleiben f\u00fcr eine bestimmte Zeit auf Ihrem Ger\u00e4t gespeichert.<\/p>\n<p class=\"p1\"><b>6. Verwaltung und Konfiguration von Cookies<\/b><b><\/b><\/p>\n<p class=\"p3\">Sie k\u00f6nnen Cookies <span class=\"s1\"><b>akzeptieren, ablehnen oder konfigurieren<\/b><\/span> \u00fcber unser <span class=\"s1\"><b>Cookie-Banner<\/b><\/span> oder durch Anpassung Ihrer Browsereinstellungen:<\/p>\n<p class=\"p4\">\u2022<span class=\"s1\"><b>Google Chrome<\/b><\/span>: <a href=\"https:\/\/support.google.com\/chrome\/answer\/95647?hl=de\">Cookie-Einstellungen<\/a><\/p>\n<p class=\"p4\">\u2022<span class=\"s1\"><b>Mozilla Firefox<\/b><\/span>: <a href=\"https:\/\/support.mozilla.org\/de\/kb\/cookies-erlauben-und-ablehnen\">Cookie-Einstellungen<\/a><\/p>\n<p class=\"p4\">\u2022<span class=\"s1\"><b>Microsoft Edge<\/b><\/span>: <a href=\"https:\/\/support.microsoft.com\/de-de\/microsoft-edge\/anzeigen-und-l%C3%B6schen-von-cookies-in-microsoft-edge-63947406-40ac-c3b8-57b9-2a946a29ae09\">Cookie-Einstellungen<\/a><\/p>\n<p class=\"p4\">\u2022<span class=\"s1\"><b>Safari<\/b><\/span>: <a href=\"https:\/\/support.apple.com\/de-de\/guide\/safari\/sfri11471\/mac\">Cookie-Einstellungen<\/a><\/p>\n<p class=\"p1\"><b>7. \u00c4nderungen an der Cookie-Richtlinie<\/b><b><\/b><\/p>\n<p class=\"p3\">Wir behalten uns das Recht vor, <span class=\"s1\"><b>diese Richtlinie jederzeit zu \u00e4ndern<\/b><\/span>. \u00c4nderungen werden auf dieser Seite ver\u00f6ffentlicht, und falls erforderlich, bitten wir erneut um Ihre Zustimmung.<\/p>\n<p class=\"p1\"><b>8. Kontakt<\/b><b><\/b><\/p>\n<p class=\"p3\">Wenn Sie Fragen zu unserer Cookie-Richtlinie haben, k\u00f6nnen Sie uns kontaktieren unter:<\/p>\n<p class=\"p6\"><span class=\"s2\">\ud83d\udce7 <\/span><b>infunda@infunda.com<\/b><b><\/b><\/p>\n<p class=\"p6\"><span class=\"s2\">\ud83d\udccd <\/span><b>Passatge del Metall, 15 Bis P. I. Sant Vicen\u00e7, 08755 CASTELLBISBAL, Barcelona (Spanien)<\/b><\/p>\n","protected":false},"excerpt":{"rendered":"<p>1. Einf\u00fchrung Bei Infunda (im Folgenden \u201ewir\u201c, \u201euns\u201c oder \u201eInfunda\u201c) verwenden wir Cookies und \u00e4hnliche Technologien, um die Benutzererfahrung zu verbessern, den Website-Verkehr zu analysieren und Inhalte zu personalisieren. Diese&hellip;<\/p>\n","protected":false},"author":1,"featured_media":0,"parent":0,"menu_order":0,"comment_status":"closed","ping_status":"closed","template":"","meta":{"footnotes":""},"class_list":["post-22068","page","type-page","status-publish","hentry"],"_links":{"self":[{"href":"https:\/\/www.infunda.com\/de\/wp-json\/wp\/v2\/pages\/22068","targetHints":{"allow":["GET"]}}],"collection":[{"href":"https:\/\/www.infunda.com\/de\/wp-json\/wp\/v2\/pages"}],"about":[{"href":"https:\/\/www.infunda.com\/de\/wp-json\/wp\/v2\/types\/page"}],"author":[{"embeddable":true,"href":"https:\/\/www.infunda.com\/de\/wp-json\/wp\/v2\/users\/1"}],"replies":[{"embeddable":true,"href":"https:\/\/www.infunda.com\/de\/wp-json\/wp\/v2\/comments?post=22068"}],"version-history":[{"count":2,"href":"https:\/\/www.infunda.com\/de\/wp-json\/wp\/v2\/pages\/22068\/revisions"}],"predecessor-version":[{"id":22609,"href":"https:\/\/www.infunda.com\/de\/wp-json\/wp\/v2\/pages\/22068\/revisions\/22609"}],"wp:attachment":[{"href":"https:\/\/www.infunda.com\/de\/wp-json\/wp\/v2\/media?parent=22068"}],"curies":[{"name":"wp","href":"https:\/\/api.w.org\/{rel}","templated":true}]}}