{"id":22203,"date":"2024-07-28T15:32:10","date_gmt":"2024-07-28T13:32:10","guid":{"rendered":"https:\/\/www.infunda.com\/datenschutzrichtlinie\/"},"modified":"2024-12-24T14:07:04","modified_gmt":"2024-12-24T13:07:04","slug":"datenschutzrichtlinie","status":"publish","type":"page","link":"https:\/\/www.infunda.com\/de\/datenschutzrichtlinie\/","title":{"rendered":"Datenschutzrichtlinie"},"content":{"rendered":"\t\t<div data-elementor-type=\"wp-page\" data-elementor-id=\"22203\" class=\"elementor elementor-22203 elementor-20674\">\n\t\t\t\t\t\t<section class=\"elementor-section elementor-top-section elementor-element elementor-element-390bfa9b elementor-section-boxed elementor-section-height-default elementor-section-height-default sc_fly_static\" data-id=\"390bfa9b\" data-element_type=\"section\">\n\t\t\t\t\t\t<div class=\"elementor-container elementor-column-gap-extended\">\n\t\t\t\t\t<div class=\"elementor-column elementor-col-100 elementor-top-column elementor-element elementor-element-15ddc19 sc_inner_width_none sc_content_align_inherit sc_layouts_column_icons_position_left sc_fly_static\" data-id=\"15ddc19\" data-element_type=\"column\">\n\t\t\t<div class=\"elementor-widget-wrap elementor-element-populated\">\n\t\t\t\t\t\t<div class=\"elementor-element elementor-element-4c41eb37 sc_fly_static elementor-widget elementor-widget-text-editor\" data-id=\"4c41eb37\" data-element_type=\"widget\" data-widget_type=\"text-editor.default\">\n\t\t\t\t<div class=\"elementor-widget-container\">\n\t\t\t\t\t\t\t<h4 id=\"informaci-n-al-usuario\">BENUTZERINFORMATIONEN<\/h4>\n<p><strong>INFUNDA S.A<\/strong>, im Folgenden VERANTWORTLICHER, ist der Verantwortliche f\u00fcr die Verarbeitung der personenbezogenen Daten des Nutzers und informiert Sie dar\u00fcber, dass diese Daten gem\u00e4\u00df den Bestimmungen der geltenden Vorschriften zum Schutz personenbezogener Daten, Verordnung (EU) 2016\/679 vom April, verarbeitet werden 27, 2016 (DSGVO) zum Schutz nat\u00fcrlicher Personen bei der Verarbeitung personenbezogener Daten und zum freien Verkehr dieser Daten, f\u00fcr die Bietet die folgenden Behandlungsinformationen:<br \/><strong>Ende der Behandlung<\/strong>: Aufrechterhaltung einer Gesch\u00e4ftsbeziehung mit dem Benutzer. Zur Durchf\u00fchrung der Behandlung sind folgende Operationen geplant:<\/p>\n<ul>\n<li>Versenden kommerzieller Werbemitteilungen per E-Mail, Fax, SMS, MMS, Social Communities oder anderen gegenw\u00e4rtigen oder zuk\u00fcnftigen elektronischen oder physischen Mitteln, die die Durchf\u00fchrung kommerzieller Mitteilungen erm\u00f6glichen, sofern diese zuvor genehmigt wurden. Diese Mitteilungen erfolgen durch den VERANTWORTLICHEN und beziehen sich auf seine Produkte und Dienstleistungen oder seine Mitarbeiter oder Lieferanten, mit denen er eine Werbevereinbarung getroffen hat. In diesem Fall haben Dritte niemals Zugriff auf personenbezogene Daten.<\/li>\n<li>F\u00fchren Sie statistische Studien durch.<\/li>\n<li>Bearbeitung von Bestellungen, Anfragen oder Anfragen jeglicher Art, die der Benutzer \u00fcber eines der zur Verf\u00fcgung gestellten Kontaktformulare stellt.<\/li>\n<li>Versenden Sie den Website-Newsletter.<\/li>\n<\/ul>\n<p><strong>Kriterien f\u00fcr die Datenaufbewahrung: <\/strong>Sie werden so lange aufbewahrt, wie ein gegenseitiges Interesse an der Aufrechterhaltung des Zwecks der Verarbeitung besteht, und wenn sie f\u00fcr diesen Zweck nicht mehr erforderlich sind, werden sie mit geeigneten Sicherheitsma\u00dfnahmen gel\u00f6scht, um die Pseudonymisierung der Daten zu gew\u00e4hrleisten die vollst\u00e4ndige Zerst\u00f6rung der Daten selbst.<br \/><strong>Daten\u00fcbermittlung: <\/strong>Die Daten werden nicht an Dritte weitergegeben, es sei denn, es besteht eine gesetzliche Verpflichtung.<br \/><strong>Rechte, die den Benutzer unterst\u00fctzen:<\/strong><\/p>\n<ul>\n<li>Recht, die Einwilligung jederzeit zu widerrufen.<\/li>\n<li>Recht auf Zugang, Berichtigung, \u00dcbertragbarkeit und L\u00f6schung Ihrer Daten sowie auf Einschr\u00e4nkung oder Widerspruch gegen deren Verarbeitung.<\/li>\n<li>Das Recht, eine Beschwerde bei der Aufsichtsbeh\u00f6rde (www.aepd.es.) einzureichen, wenn Sie der Meinung sind, dass die Behandlung nicht den geltenden Vorschriften entspricht.<\/li>\n<\/ul>\n<p><strong>Kontaktinformationen zur Aus\u00fcbung Ihrer Rechte:<\/strong><br \/>INFUNDA S.A<br \/>Postanschrift: Passatge del Metall, 15 Bis P. I. Sant Vicen\u00e7, 08755 CASTELLBISBAL \u2013 Barcelona (Spanien)<br \/>E-Mail: <a href=\"mailto:infunda@infunda.com\"><span style=\"color: #85b7d5;\">infunda@infunda.com<\/span><\/a><\/p>\n<h4 id=\"car-cter-obligatorio-o-facultativo-de-la-informaci-n-facilitada-por-el-usuario\">ZWINGENDER ODER FAKULTATIVER NATUR DER VOM BENUTZER BEREITGESTELLTEN INFORMATIONEN<\/h4>\n<p>Durch Ankreuzen der entsprechenden K\u00e4stchen und Eingabe von Daten in die mit einem Sternchen (*) gekennzeichneten Felder im Kontaktformular oder in Download-Formularen akzeptieren Benutzer ausdr\u00fccklich, frei und unmissverst\u00e4ndlich, dass ihre Daten f\u00fcr die Beantwortung Ihrer Anfrage erforderlich sind Die Angabe der Daten in den \u00fcbrigen Feldern erfolgt freiwillig. Der Nutzer garantiert, dass die dem VERANTWORTLICHEN zur Verf\u00fcgung gestellten personenbezogenen Daten wahrheitsgem\u00e4\u00df sind und ist f\u00fcr die Mitteilung etwaiger \u00c4nderungen derselben verantwortlich.<br \/>Der VERANTWORTLICHE informiert und garantiert den Benutzern ausdr\u00fccklich, dass ihre pers\u00f6nlichen Daten in keinem Fall an Dritte weitergegeben werden und dass bei jeder Art der \u00dcbermittlung personenbezogener Daten die ausdr\u00fcckliche, informierte und eindeutige Zustimmung der Benutzer eingeholt wird Vorauszahlung. Alle \u00fcber die Website angeforderten Daten sind obligatorisch, da sie f\u00fcr die Bereitstellung eines optimalen Service f\u00fcr den Benutzer erforderlich sind. Bei Nichtbereitstellung aller Daten kann nicht gew\u00e4hrleistet werden, dass die bereitgestellten Informationen und Dienste vollst\u00e4ndig auf Ihre Bed\u00fcrfnisse zugeschnitten sind.<\/p>\n<h4 id=\"medidas-de-seguridad\">SICHERHEITSMASSNAHMEN<\/h4>\n<p>Dass der VERANTWORTLICHE in \u00dcbereinstimmung mit den Bestimmungen der geltenden Vorschriften zum Schutz personenbezogener Daten alle Bestimmungen der DSGVO-Vorschriften f\u00fcr die Verarbeitung personenbezogener Daten unter seiner Verantwortung und offensichtlich die in Artikel 5 der DSGVO beschriebenen Grunds\u00e4tze einh\u00e4lt , durch die sie auf rechtm\u00e4\u00dfige, faire und transparente Weise in Bezug auf die betroffene Partei verarbeitet werden und angemessen, relevant und auf das beschr\u00e4nkt sind, was im Hinblick auf die Zwecke, f\u00fcr die sie verarbeitet werden, erforderlich ist.<br \/>Der VERANTWORTLICHE garantiert, dass er geeignete technische und organisatorische Richtlinien zur Anwendung der in der DSGVO festgelegten Sicherheitsma\u00dfnahmen zum Schutz der Rechte und Freiheiten der Benutzer implementiert und ihnen entsprechende Informationen mitgeteilt hat, damit sie diese aus\u00fcben k\u00f6nnen.<\/p>\n\t\t\t\t\t\t<\/div>\n\t\t\t\t<\/div>\n\t\t\t\t\t<\/div>\n\t\t<\/div>\n\t\t\t\t\t<\/div>\n\t\t<\/section>\n\t\t\t\t<\/div>\n\t\t","protected":false},"excerpt":{"rendered":"<p>BENUTZERINFORMATIONEN INFUNDA S.A, im Folgenden VERANTWORTLICHER, ist der Verantwortliche f\u00fcr die Verarbeitung der personenbezogenen Daten des Nutzers und informiert Sie dar\u00fcber, dass diese Daten gem\u00e4\u00df den Bestimmungen der geltenden Vorschriften&hellip;<\/p>\n","protected":false},"author":1,"featured_media":0,"parent":0,"menu_order":0,"comment_status":"closed","ping_status":"closed","template":"","meta":{"footnotes":""},"class_list":["post-22203","page","type-page","status-publish","hentry"],"_links":{"self":[{"href":"https:\/\/www.infunda.com\/de\/wp-json\/wp\/v2\/pages\/22203","targetHints":{"allow":["GET"]}}],"collection":[{"href":"https:\/\/www.infunda.com\/de\/wp-json\/wp\/v2\/pages"}],"about":[{"href":"https:\/\/www.infunda.com\/de\/wp-json\/wp\/v2\/types\/page"}],"author":[{"embeddable":true,"href":"https:\/\/www.infunda.com\/de\/wp-json\/wp\/v2\/users\/1"}],"replies":[{"embeddable":true,"href":"https:\/\/www.infunda.com\/de\/wp-json\/wp\/v2\/comments?post=22203"}],"version-history":[{"count":1,"href":"https:\/\/www.infunda.com\/de\/wp-json\/wp\/v2\/pages\/22203\/revisions"}],"predecessor-version":[{"id":22204,"href":"https:\/\/www.infunda.com\/de\/wp-json\/wp\/v2\/pages\/22203\/revisions\/22204"}],"wp:attachment":[{"href":"https:\/\/www.infunda.com\/de\/wp-json\/wp\/v2\/media?parent=22203"}],"curies":[{"name":"wp","href":"https:\/\/api.w.org\/{rel}","templated":true}]}}