{"id":22242,"date":"2024-07-28T15:36:36","date_gmt":"2024-07-28T13:36:36","guid":{"rendered":"https:\/\/www.infunda.com\/rechtlicher-hinweis\/"},"modified":"2024-12-24T14:17:14","modified_gmt":"2024-12-24T13:17:14","slug":"rechtlicher-hinweis","status":"publish","type":"page","link":"https:\/\/www.infunda.com\/de\/rechtlicher-hinweis\/","title":{"rendered":"Rechtlicher Hinweis"},"content":{"rendered":"\t\t<div data-elementor-type=\"wp-page\" data-elementor-id=\"22242\" class=\"elementor elementor-22242 elementor-20682\">\n\t\t\t\t\t\t<section class=\"elementor-section elementor-top-section elementor-element elementor-element-52af0cb0 elementor-section-boxed elementor-section-height-default elementor-section-height-default sc_fly_static\" data-id=\"52af0cb0\" data-element_type=\"section\">\n\t\t\t\t\t\t<div class=\"elementor-container elementor-column-gap-extended\">\n\t\t\t\t\t<div class=\"elementor-column elementor-col-100 elementor-top-column elementor-element elementor-element-21e82a9 sc_inner_width_none sc_content_align_inherit sc_layouts_column_icons_position_left sc_fly_static\" data-id=\"21e82a9\" data-element_type=\"column\">\n\t\t\t<div class=\"elementor-widget-wrap elementor-element-populated\">\n\t\t\t\t\t\t<div class=\"elementor-element elementor-element-379c5ad4 sc_fly_static elementor-widget elementor-widget-text-editor\" data-id=\"379c5ad4\" data-element_type=\"widget\" data-widget_type=\"text-editor.default\">\n\t\t\t\t<div class=\"elementor-widget-container\">\n\t\t\t\t\t\t\t<h4 id=\"ley-de-los-servicios-de-la-sociedad-de-la-informaci-n-lssi-\">GESETZ \u00dcBER DIENSTLEISTUNGEN DER INFORMATIONSGESELLSCHAFT (LSSI)<\/h4>\n<p>INFUNDA S.A, verantwortlich f\u00fcr die Website, im Folgenden VERANTWORTLICH, stellt den Benutzern dieses Dokument zur Verf\u00fcgung, mit dem sie den im Gesetz 34\/2002 vom 11. Juli \u00fcber Gesellschaftsdienste und elektronischen Handel (LSSICE) festgelegten Verpflichtungen nachkommen will. , BOE Nr. 166, sowie die Information aller Nutzer der Website \u00fcber die Nutzungsbedingungen.<\/p>\n<p>Jede Person, die auf diese Website zugreift, \u00fcbernimmt die Rolle des Benutzers und verpflichtet sich zur strikten Einhaltung und Einhaltung der hier dargelegten Bestimmungen sowie aller anderen m\u00f6glicherweise anwendbaren gesetzlichen Bestimmungen.<\/p>\n<p>INFUNDA S.A beh\u00e4lt sich das Recht vor, jede Art von Informationen, die auf der Website erscheinen k\u00f6nnen, zu \u00e4ndern, ohne dass eine Verpflichtung besteht, die Benutzer \u00fcber diese Verpflichtungen zu informieren oder zu informieren, wobei die Ver\u00f6ffentlichung auf der Website von INFUNDA S.A als ausreichend angesehen wird.<\/p>\n<h4 id=\"datos-identificativos\">IDENTIFIZIERUNGSDATEN<\/h4>\n<p>Domainname: infunda.com<br \/>Handelsname: INFUNDA<br \/>Firmenname: INFUNDA S.A<br \/>NIF: A58282856<br \/>Eingetragener Firmensitz: Passatge del Metall, 15 Bis P. I. Sant Vicen\u00e7, 08755 CASTELLBISBAL \u2013 Barcelona (Spanien)<br \/>Telefon: 937 721 708<br \/>E-mail: <a href=\"mailto:infunda@infunda.com\">infunda@infunda.com<\/a><\/p>\n<h4 id=\"derechos-de-propiedad-intelectual-e-industrial\">GEISTIGE UND GEWERBLICHE EIGENTUMSRECHTE<\/h4>\n<p>Die Website, einschlie\u00dflich, aber nicht beschr\u00e4nkt auf ihre Programmierung, Bearbeitung, Zusammenstellung und andere f\u00fcr ihren Betrieb erforderliche Elemente, die Designs, Logos, Texte und\/oder Grafiken, sind Eigentum des VERANTWORTLICHEN oder verf\u00fcgen gegebenenfalls \u00fcber eine Lizenz oder ausdr\u00fcckliche Genehmigung der Autoren. Alle Inhalte der Website sind ordnungsgem\u00e4\u00df durch die Vorschriften zum geistigen und gewerblichen Eigentum gesch\u00fctzt und in den entsprechenden \u00f6ffentlichen Registern eingetragen.<\/p>\n<p>Unabh\u00e4ngig vom Zweck, f\u00fcr den sie bestimmt waren, bedarf die vollst\u00e4ndige oder teilweise Vervielf\u00e4ltigung, Nutzung, Verwertung, Verbreitung und Vermarktung in jedem Fall der vorherigen schriftlichen Genehmigung des VERANTWORTLICHEN. Jede nicht zuvor genehmigte Nutzung gilt als schwerwiegende Verletzung der geistigen oder gewerblichen Eigentumsrechte des Autors.<\/p>\n<p>Die Designs, Logos, Texte und\/oder Grafiken, die nicht der VERANTWORTLICHE sind und auf der Website erscheinen k\u00f6nnen, geh\u00f6ren ihren jeweiligen Eigent\u00fcmern und sie sind selbst f\u00fcr etwaige Kontroversen verantwortlich, die in Bezug auf sie entstehen k\u00f6nnen. Der VERANTWORTLICHE erm\u00e4chtigt Dritte ausdr\u00fccklich, direkt auf die spezifischen Inhalte der Website umzuleiten und in jedem Fall auf die Hauptwebsite von itdo.com weiterzuleiten.<\/p>\n<p>Der VERANTWORTLICHE erkennt die entsprechenden geistigen und gewerblichen Eigentumsrechte zugunsten ihrer Eigent\u00fcmer an, und ihre blo\u00dfe Erw\u00e4hnung oder ihr Erscheinen auf der Website impliziert nicht das Bestehen von Rechten oder Verantwortung gegen\u00fcber ihnen, noch impliziert dies eine Billigung, F\u00f6rderung oder Empfehlung durch ihn .<\/p>\n<p>Um etwaige Verst\u00f6\u00dfe gegen geistige oder gewerbliche Eigentumsrechte sowie Inhalte der Website jeglicher Art zu bemerken, k\u00f6nnen Sie dies per E-Mail tun <a href=\"mailto:infunda@infunda.com\">infunda@infunda.com<\/a>.<\/p>\n<h4 id=\"exenci-n-de-responsabilidades\">HAFTUNGSAUSSCHLUSS<\/h4>\n<p>Der VERANTWORTLICHE ist von jeglicher Verantwortung befreit, die sich aus den auf seiner Website ver\u00f6ffentlichten Informationen ergibt, wenn diese Informationen von einem Dritten, der nicht mit ihm in Verbindung steht, manipuliert oder eingef\u00fchrt wurden.<\/p>\n<h4 id=\"uso-de-cookies\">Verwendung von Cookies<\/h4>\n<p>Diese Website kann technische Cookies (kleine Informationsdateien, die der Server an den Computer der Person sendet, die auf die Seite zugreift) verwenden, um bestimmte Funktionen auszuf\u00fchren, die f\u00fcr das ordnungsgem\u00e4\u00dfe Funktionieren und die Anzeige der Website als wesentlich erachtet werden. Die verwendeten Cookies sind in jedem Fall vor\u00fcbergehender Natur und dienen ausschlie\u00dflich dazu, die Navigation effizienter zu gestalten. Sie verschwinden, wenn die Sitzung des Benutzers endet. Unter keinen Umst\u00e4nden stellen diese Cookies selbst personenbezogene Daten bereit und werden nicht zu deren Erhebung verwendet.<\/p>\n<p>Durch die Verwendung von Cookies ist es dem Server, auf dem sich die Website befindet, auch m\u00f6glich, den vom Benutzer verwendeten Browser zu erkennen, um die Navigation zu erleichtern und beispielsweise Benutzern den Zugriff zu erm\u00f6glichen, die sich zuvor f\u00fcr die Bereiche und Dienste registriert haben , Werbeaktionen oder Wettbewerbe, die ausschlie\u00dflich ihnen vorbehalten sind, ohne dass Sie sich f\u00fcr jeden Besuch registrieren m\u00fcssen. Sie k\u00f6nnen auch zur Messung des Publikums, der Verkehrsparameter, zur Kontrolle des Fortschritts und der Anzahl der Eintr\u00e4ge usw. verwendet werden. In diesen F\u00e4llen sind Cookies technisch entbehrlich, aber f\u00fcr den Benutzer von Vorteil. Ohne die vorherige Zustimmung des Nutzers werden auf dieser Website keine entbehrlichen Cookies installiert.<\/p>\n<p>Der Benutzer hat die M\u00f6glichkeit, seinen Browser so zu konfigurieren, dass er beim Empfang von Cookies benachrichtigt wird und deren Installation auf seinem Computer verhindert. Weitere Informationen finden Sie in den Anweisungen Ihres Browsers.<\/p>\n<h4 id=\"pol-tica-de-enlaces\">Linkrichtlinie<\/h4>\n<p>Von der Website werden Sie m\u00f6glicherweise zu Inhalten auf Websites Dritter weitergeleitet. Da der VERANTWORTLICHE die von Dritten auf ihren jeweiligen Websites eingestellten Inhalte nicht immer kontrollieren kann, \u00fcbernimmt er keinerlei Verantwortung f\u00fcr diese Inhalte. In jedem Fall wird es die sofortige Entfernung aller Inhalte veranlassen, die gegen nationale oder internationale Gesetze, die guten Sitten oder die \u00f6ffentliche Ordnung versto\u00dfen k\u00f6nnten, sowie die sofortige Entfernung der Weiterleitung auf die genannte Website und die \u00dcbermittlung der Inhalte an die zust\u00e4ndigen Beh\u00f6rden. in Frage.<\/p>\n<p>Der VERANTWORTLICHE ist nicht verantwortlich f\u00fcr die Informationen und Inhalte, die beispielsweise in Foren, Chats, Blog-Generatoren, Kommentaren, sozialen Netzwerken oder anderen Mitteln gespeichert werden, die es Dritten erm\u00f6glichen, Inhalte unabh\u00e4ngig auf der Website zu ver\u00f6ffentlichen der VERANTWORTLICHE. Allerdings wird es in \u00dcbereinstimmung mit den Bestimmungen der Artikel 11 und 16 des LSSICE allen Benutzern, Beh\u00f6rden und Sicherheitskr\u00e4ften zur Verf\u00fcgung gestellt, die aktiv an der Entfernung oder gegebenenfalls Sperrung aller Inhalte mitwirken, die Auswirkungen haben oder gegen die Inhalte versto\u00dfen k\u00f6nnten nationale oder internationale Gesetzgebung, die Rechte Dritter oder die guten Sitten und die \u00f6ffentliche Ordnung. Wenn der Benutzer der Meinung ist, dass es auf der Website Inhalte gibt, die f\u00fcr diese Klassifizierung anf\u00e4llig sein k\u00f6nnten, benachrichtigen Sie bitte umgehend den Website-Administrator.<\/p>\n<p>Diese Website wurde \u00fcberpr\u00fcft und auf korrekte Funktion getestet. Grunds\u00e4tzlich kann der ordnungsgem\u00e4\u00dfe Betrieb 365 Tage im Jahr und 24 Stunden am Tag gew\u00e4hrleistet werden. Der VERANTWORTLICHE schlie\u00dft jedoch nicht aus, dass bestimmte Programmierfehler vorliegen oder dass h\u00f6here Gewalt, Naturkatastrophen, Streiks oder \u00e4hnliche Umst\u00e4nde eintreten, die den Zugriff auf die Website unm\u00f6glich machen.<\/p>\n<h4 id=\"direcciones-ip\">IP-Adressen<\/h4>\n<p>Die Website-Server erkennen m\u00f6glicherweise automatisch die vom Benutzer verwendete IP-Adresse und den Dom\u00e4nennamen. Eine IP-Adresse ist eine Nummer, die einem Computer automatisch zugewiesen wird, wenn er eine Verbindung zum Internet herstellt. Alle diese Informationen werden in einer ordnungsgem\u00e4\u00df registrierten Serveraktivit\u00e4tsdatei aufgezeichnet, die die anschlie\u00dfende Verarbeitung der Daten erm\u00f6glicht, um nur statistische Messungen zu erhalten, die es erm\u00f6glichen, die Anzahl der Seitenaufrufe, die Anzahl der Besuche auf den Webservern und die Reihenfolge der Besuche zu ermitteln , der Zugangspunkt usw.<\/p>\n<h4 id=\"ley-aplicable-y-jurisdicci-n\">ANWENDBARES RECHT UND GERICHTSSTAND<\/h4>\n<p>F\u00fcr die L\u00f6sung aller Streitigkeiten oder Probleme im Zusammenhang mit dieser Website oder den auf ihr durchgef\u00fchrten Aktivit\u00e4ten gilt die spanische Gesetzgebung, der sich die Parteien ausdr\u00fccklich unterwerfen. F\u00fcr die L\u00f6sung aller Konflikte, die sich aus oder im Zusammenhang mit ihrer Nutzung ergeben, sind die Gerichte zust\u00e4ndig am n\u00e4chsten zu Barcelona.<\/p>\n\t\t\t\t\t\t<\/div>\n\t\t\t\t<\/div>\n\t\t\t\t\t<\/div>\n\t\t<\/div>\n\t\t\t\t\t<\/div>\n\t\t<\/section>\n\t\t\t\t<\/div>\n\t\t","protected":false},"excerpt":{"rendered":"<p>GESETZ \u00dcBER DIENSTLEISTUNGEN DER INFORMATIONSGESELLSCHAFT (LSSI) INFUNDA S.A, verantwortlich f\u00fcr die Website, im Folgenden VERANTWORTLICH, stellt den Benutzern dieses Dokument zur Verf\u00fcgung, mit dem sie den im Gesetz 34\/2002 vom&hellip;<\/p>\n","protected":false},"author":1,"featured_media":0,"parent":0,"menu_order":0,"comment_status":"closed","ping_status":"closed","template":"","meta":{"footnotes":""},"class_list":["post-22242","page","type-page","status-publish","hentry"],"_links":{"self":[{"href":"https:\/\/www.infunda.com\/de\/wp-json\/wp\/v2\/pages\/22242","targetHints":{"allow":["GET"]}}],"collection":[{"href":"https:\/\/www.infunda.com\/de\/wp-json\/wp\/v2\/pages"}],"about":[{"href":"https:\/\/www.infunda.com\/de\/wp-json\/wp\/v2\/types\/page"}],"author":[{"embeddable":true,"href":"https:\/\/www.infunda.com\/de\/wp-json\/wp\/v2\/users\/1"}],"replies":[{"embeddable":true,"href":"https:\/\/www.infunda.com\/de\/wp-json\/wp\/v2\/comments?post=22242"}],"version-history":[{"count":1,"href":"https:\/\/www.infunda.com\/de\/wp-json\/wp\/v2\/pages\/22242\/revisions"}],"predecessor-version":[{"id":22243,"href":"https:\/\/www.infunda.com\/de\/wp-json\/wp\/v2\/pages\/22242\/revisions\/22243"}],"wp:attachment":[{"href":"https:\/\/www.infunda.com\/de\/wp-json\/wp\/v2\/media?parent=22242"}],"curies":[{"name":"wp","href":"https:\/\/api.w.org\/{rel}","templated":true}]}}