{"id":22066,"date":"2024-07-28T15:43:59","date_gmt":"2024-07-28T13:43:59","guid":{"rendered":"https:\/\/www.infunda.com\/politique-de-cookies\/"},"modified":"2025-03-06T16:01:49","modified_gmt":"2025-03-06T15:01:49","slug":"politique-de-cookies","status":"publish","type":"page","link":"https:\/\/www.infunda.com\/fr\/politique-de-cookies\/","title":{"rendered":"Politique de cookies"},"content":{"rendered":"<p class=\"p1\"><b>1. Introduction<\/b><b><\/b><\/p>\n<p class=\"p3\">Chez <span class=\"s1\"><b>Infunda<\/b><\/span> (ci-apr\u00e8s \u00ab nous \u00bb, \u00ab notre \u00bb ou \u00ab Infunda \u00bb), nous utilisons des <span class=\"s1\"><b>cookies<\/b><\/span> et des technologies similaires afin <span class=\"s1\"><b>d\u2019am\u00e9liorer l\u2019exp\u00e9rience utilisateur<\/b><\/span>, d\u2019analyser le trafic du site Web et de personnaliser le contenu. Cette politique explique ce que sont les <span class=\"s1\"><b>cookies<\/b><\/span>, quels types nous utilisons et comment vous pouvez les g\u00e9rer.<\/p>\n<p class=\"p1\"><b>2. Qu\u2019est-ce qu\u2019un cookie ?<\/b><b><\/b><\/p>\n<p class=\"p3\">Les <span class=\"s1\"><b>cookies<\/b><\/span> sont de petits fichiers texte stock\u00e9s sur votre appareil lorsque vous visitez un site Web. Ils permettent aux sites Web de reconna\u00eetre votre navigateur et de m\u00e9moriser des informations utiles, telles que vos <span class=\"s1\"><b>pr\u00e9f\u00e9rences<\/b><\/span> ou vos <span class=\"s1\"><b>sessions utilisateur<\/b><\/span>.<\/p>\n<p class=\"p1\"><b>3. Types de cookies utilis\u00e9s<\/b><b><\/b><\/p>\n<p class=\"p3\">Sur <span class=\"s1\"><b>Infunda<\/b><\/span>, nous utilisons les cat\u00e9gories de <span class=\"s1\"><b>cookies<\/b><\/span> suivantes :<\/p>\n<p class=\"p4\">\u2022<span class=\"s1\"><b>Cookies techniques (strictement n\u00e9cessaires)<\/b><\/span> : Ces cookies permettent le <span class=\"s1\"><b>fonctionnement essentiel<\/b><\/span> du site Web, comme la <span class=\"s1\"><b>navigation<\/b><\/span> et l\u2019<span class=\"s1\"><b>acc\u00e8s aux zones s\u00e9curis\u00e9es<\/b><\/span>. Sans eux, le site ne peut pas fonctionner correctement.<\/p>\n<p class=\"p4\">\u2022<span class=\"s1\"><b>Cookies de personnalisation<\/b><\/span> : Ils enregistrent vos <span class=\"s1\"><b>pr\u00e9f\u00e9rences<\/b><\/span> (langue, r\u00e9gion, etc.) pour am\u00e9liorer votre exp\u00e9rience de navigation.<\/p>\n<p class=\"p4\">\u2022<span class=\"s1\"><b>Cookies d\u2019analyse et de performance<\/b><\/span> : Ils nous aident \u00e0 <span class=\"s1\"><b>mesurer le trafic<\/b><\/span> et \u00e0 analyser comment les utilisateurs interagissent avec le site Web afin d\u2019am\u00e9liorer son fonctionnement. Nous utilisons des outils tels que <span class=\"s1\"><b>Google Analytics<\/b><\/span>.<\/p>\n<p class=\"p4\">\u2022<span class=\"s1\"><b>Cookies publicitaires et de r\u00e9seaux sociaux<\/b><\/span> : Ils collectent des informations sur vos <span class=\"s1\"><b>habitudes de navigation<\/b><\/span> afin d\u2019afficher des annonces pertinentes ou de permettre l\u2019int\u00e9gration avec des plateformes de r\u00e9seaux sociaux.<\/p>\n<p class=\"p1\"><b>4. Cookies internes et tiers<\/b><b><\/b><\/p>\n<p class=\"p4\">\u2022<span class=\"s1\"><b>Cookies internes<\/b><\/span> : G\u00e9r\u00e9s par <span class=\"s1\"><b>Infunda<\/b><\/span> et n\u00e9cessaires au bon fonctionnement du site Web.<\/p>\n<p class=\"p4\">\u2022<span class=\"s1\"><b>Cookies tiers<\/b><\/span> : Install\u00e9s par des services externes comme <span class=\"s1\"><b>Google Analytics<\/b><\/span> ou les r\u00e9seaux sociaux. Vous pouvez consulter leurs politiques de cookies respectives :<\/p>\n<p class=\"p5\">\u2022<a href=\"https:\/\/policies.google.com\/privacy?hl=fr\">Google Analytics<\/a><\/p>\n<p class=\"p5\">\u2022<a href=\"https:\/\/www.facebook.com\/policies\/cookies\/\">Facebook<\/a><\/p>\n<p class=\"p5\">\u2022<a href=\"https:\/\/www.linkedin.com\/legal\/cookie-policy\">LinkedIn<\/a><\/p>\n<p class=\"p1\"><b>5. Dur\u00e9e des cookies<\/b><b><\/b><\/p>\n<p class=\"p3\">Les cookies peuvent \u00eatre :<\/p>\n<p class=\"p4\">\u2022<span class=\"s1\"><b>Cookies de session<\/b><\/span> : Supprim\u00e9s automatiquement lorsque vous fermez votre navigateur.<\/p>\n<p class=\"p4\">\u2022<span class=\"s1\"><b>Cookies persistants<\/b><\/span> : Conserv\u00e9s sur votre appareil pendant une dur\u00e9e d\u00e9termin\u00e9e.<\/p>\n<p class=\"p1\"><b>6. Gestion et configuration des cookies<\/b><b><\/b><\/p>\n<p class=\"p3\">Vous pouvez <span class=\"s1\"><b>accepter, refuser ou configurer<\/b><\/span> les cookies via notre <span class=\"s1\"><b>bandeau de cookies<\/b><\/span> ou en modifiant les param\u00e8tres de votre navigateur :<\/p>\n<p class=\"p4\">\u2022<span class=\"s1\"><b>Google Chrome<\/b><\/span> : <a href=\"https:\/\/support.google.com\/chrome\/answer\/95647?hl=fr\">Param\u00e8tres des cookies<\/a><\/p>\n<p class=\"p4\">\u2022<span class=\"s1\"><b>Mozilla Firefox<\/b><\/span> : <a href=\"https:\/\/support.mozilla.org\/fr\/kb\/activer-desactiver-cookies-preferences\">Param\u00e8tres des cookies<\/a><\/p>\n<p class=\"p4\">\u2022<span class=\"s1\"><b>Microsoft Edge<\/b><\/span> : <a href=\"https:\/\/support.microsoft.com\/fr-fr\/microsoft-edge\/afficher-et-supprimer-les-cookies-dans-microsoft-edge-63947406-40ac-c3b8-57b9-2a946a29ae09\">Param\u00e8tres des cookies<\/a><\/p>\n<p class=\"p4\">\u2022<span class=\"s1\"><b>Safari<\/b><\/span> : <a href=\"https:\/\/support.apple.com\/fr-fr\/guide\/safari\/sfri11471\/mac\">Param\u00e8tres des cookies<\/a><\/p>\n<p class=\"p1\"><b>7. Modifications de la Politique de Cookies<\/b><b><\/b><\/p>\n<p class=\"p3\">Nous nous r\u00e9servons le droit de <span class=\"s1\"><b>modifier cette politique \u00e0 tout moment<\/b><\/span>. Toute modification sera publi\u00e9e sur cette page et, si n\u00e9cessaire, nous vous demanderons \u00e0 nouveau votre consentement.<\/p>\n<p class=\"p1\"><b>8. Contact<\/b><b><\/b><\/p>\n<p class=\"p3\">Si vous avez des questions concernant notre Politique de Cookies, vous pouvez nous contacter \u00e0 :<\/p>\n<p class=\"p6\"><span class=\"s2\">\ud83d\udce7 <\/span><b>infunda@infunda.com<\/b><b><\/b><\/p>\n<p class=\"p6\"><span class=\"s2\">\ud83d\udccd <\/span><b>Passatge del Metall, 15 Bis P. I. Sant Vicen\u00e7, 08755 CASTELLBISBAL, Barcelone (Espagne)<\/b><\/p>\n","protected":false},"excerpt":{"rendered":"<p>1. Introduction Chez Infunda (ci-apr\u00e8s \u00ab nous \u00bb, \u00ab notre \u00bb ou \u00ab Infunda \u00bb), nous utilisons des cookies et des technologies similaires afin d\u2019am\u00e9liorer l\u2019exp\u00e9rience utilisateur, d\u2019analyser le trafic&hellip;<\/p>\n","protected":false},"author":1,"featured_media":0,"parent":0,"menu_order":0,"comment_status":"closed","ping_status":"closed","template":"","meta":{"footnotes":""},"class_list":["post-22066","page","type-page","status-publish","hentry"],"_links":{"self":[{"href":"https:\/\/www.infunda.com\/fr\/wp-json\/wp\/v2\/pages\/22066","targetHints":{"allow":["GET"]}}],"collection":[{"href":"https:\/\/www.infunda.com\/fr\/wp-json\/wp\/v2\/pages"}],"about":[{"href":"https:\/\/www.infunda.com\/fr\/wp-json\/wp\/v2\/types\/page"}],"author":[{"embeddable":true,"href":"https:\/\/www.infunda.com\/fr\/wp-json\/wp\/v2\/users\/1"}],"replies":[{"embeddable":true,"href":"https:\/\/www.infunda.com\/fr\/wp-json\/wp\/v2\/comments?post=22066"}],"version-history":[{"count":2,"href":"https:\/\/www.infunda.com\/fr\/wp-json\/wp\/v2\/pages\/22066\/revisions"}],"predecessor-version":[{"id":22607,"href":"https:\/\/www.infunda.com\/fr\/wp-json\/wp\/v2\/pages\/22066\/revisions\/22607"}],"wp:attachment":[{"href":"https:\/\/www.infunda.com\/fr\/wp-json\/wp\/v2\/media?parent=22066"}],"curies":[{"name":"wp","href":"https:\/\/api.w.org\/{rel}","templated":true}]}}