{"id":22240,"date":"2024-07-28T15:36:36","date_gmt":"2024-07-28T13:36:36","guid":{"rendered":"https:\/\/www.infunda.com\/mentions-legales\/"},"modified":"2024-12-24T14:16:44","modified_gmt":"2024-12-24T13:16:44","slug":"mentions-legales","status":"publish","type":"page","link":"https:\/\/www.infunda.com\/fr\/mentions-legales\/","title":{"rendered":"Mentions l\u00e9gales"},"content":{"rendered":"\t\t<div data-elementor-type=\"wp-page\" data-elementor-id=\"22240\" class=\"elementor elementor-22240 elementor-20682\">\n\t\t\t\t\t\t<section class=\"elementor-section elementor-top-section elementor-element elementor-element-52af0cb0 elementor-section-boxed elementor-section-height-default elementor-section-height-default sc_fly_static\" data-id=\"52af0cb0\" data-element_type=\"section\">\n\t\t\t\t\t\t<div class=\"elementor-container elementor-column-gap-extended\">\n\t\t\t\t\t<div class=\"elementor-column elementor-col-100 elementor-top-column elementor-element elementor-element-21e82a9 sc_inner_width_none sc_content_align_inherit sc_layouts_column_icons_position_left sc_fly_static\" data-id=\"21e82a9\" data-element_type=\"column\">\n\t\t\t<div class=\"elementor-widget-wrap elementor-element-populated\">\n\t\t\t\t\t\t<div class=\"elementor-element elementor-element-379c5ad4 sc_fly_static elementor-widget elementor-widget-text-editor\" data-id=\"379c5ad4\" data-element_type=\"widget\" data-widget_type=\"text-editor.default\">\n\t\t\t\t<div class=\"elementor-widget-container\">\n\t\t\t\t\t\t\t<h4 id=\"ley-de-los-servicios-de-la-sociedad-de-la-informaci-n-lssi-\">LOI SUR LES SERVICES DE LA SOCI\u00c9T\u00c9 DE L&#8217;INFORMATION (LSSI)<\/h4>\n<p>INFUNDA S.A, responsable du site Web, ci-apr\u00e8s RESPONSABLE, met \u00e0 la disposition des utilisateurs ce document, avec lequel elle entend respecter les obligations \u00e9nonc\u00e9es dans la loi 34\/2002 du 11 juillet sur les services de la soci\u00e9t\u00e9 d&#8217;information et de commerce \u00e9lectronique (LSSICE). , BOE n\u00b0 166, ainsi que d&#8217;informer tous les utilisateurs du site Internet des conditions d&#8217;utilisation.<\/p>\n<p>Toute personne qui acc\u00e8de \u00e0 ce site Web assume le r\u00f4le d&#8217;utilisateur, s&#8217;engageant au strict respect et au respect des dispositions contenues dans le pr\u00e9sent document, ainsi que de toute autre disposition l\u00e9gale applicable.<\/p>\n<p>INFUNDA S.A se r\u00e9serve le droit de modifier tout type d&#8217;informations qui pourraient appara\u00eetre sur le site Internet, sans aucune obligation de notifier ou d&#8217;informer les utilisateurs de ces obligations, la publication sur le site Internet d&#8217;INFUNDA S.A \u00e9tant consid\u00e9r\u00e9e comme suffisante.<\/p>\n<h4 id=\"datos-identificativos\">DONN\u00c9ES D&#8217;IDENTIFICATION<\/h4>\n<p>Nom de domaine : infunda.com<br \/>Nom commercial : INFUNDA<br \/>Nom de l\u2019entreprise : INFUNDA S.A.<br \/>NIF : A58282856<br \/>Si\u00e8ge social : Passatge del Metall, 15 Bis P. I. Sant Vicen\u00e7, 08755 CASTELLBISBAL \u2013 Barcelone (Espagne)<br \/>T\u00e9l\u00e9phone : 937 721 708<br \/>E-mail: <a href=\"mailto:infunda@infunda.com\">infunda@infunda.com<\/a><\/p>\n<h4 id=\"derechos-de-propiedad-intelectual-e-industrial\">DROITS DE PROPRI\u00c9T\u00c9 INTELLECTUELLE ET INDUSTRIELLE<\/h4>\n<p>Le site Internet, y compris mais sans s&#8217;y limiter, sa programmation, son \u00e9dition, sa compilation et autres \u00e9l\u00e9ments n\u00e9cessaires \u00e0 son fonctionnement, les designs, logos, textes et\/ou graphiques, sont la propri\u00e9t\u00e9 du RESPONSABLE ou, le cas \u00e9ch\u00e9ant, il dispose d&#8217;une licence ou. autorisation expresse des auteurs. Tous les contenus du site Web sont d\u00fbment prot\u00e9g\u00e9s par la r\u00e9glementation en mati\u00e8re de propri\u00e9t\u00e9 intellectuelle et industrielle, ainsi que enregistr\u00e9s dans les registres publics correspondants.<\/p>\n<p>Quelle que soit la finalit\u00e9 pour laquelle ils sont destin\u00e9s, la reproduction totale ou partielle, l&#8217;utilisation, l&#8217;exploitation, la distribution et la commercialisation n\u00e9cessitent dans tous les cas l&#8217;autorisation \u00e9crite pr\u00e9alable du RESPONSABLE. Toute utilisation non pr\u00e9alablement autoris\u00e9e est consid\u00e9r\u00e9e comme une violation grave des droits de propri\u00e9t\u00e9 intellectuelle ou industrielle de l&#8217;auteur.<\/p>\n<p>Les dessins, logos, textes et\/ou graphiques autres que ceux du RESPONSABLE et susceptibles d&#8217;appara\u00eetre sur le site appartiennent \u00e0 leurs propri\u00e9taires respectifs, et ils sont eux-m\u00eames responsables de toute \u00e9ventuelle controverse qui pourrait surgir \u00e0 leur sujet. Le RESPONSABLE autorise express\u00e9ment les tiers \u00e0 rediriger directement vers les contenus sp\u00e9cifiques du site Internet, et en tout cas de rediriger vers le site Internet principal d&#8217;itdo.com.<\/p>\n<p>Le RESPONSABLE reconna\u00eet les droits de propri\u00e9t\u00e9 intellectuelle et industrielle correspondants en faveur de leurs propri\u00e9taires, et leur simple mention ou apparition sur le site Web n&#8217;implique pas l&#8217;existence d&#8217;un quelconque droit ou responsabilit\u00e9 \u00e0 leur \u00e9gard, ni n&#8217;implique l&#8217;approbation, le parrainage ou la recommandation de la part de celui-ci. .<\/p>\n<p>Pour faire tout type d&#8217;observation concernant d&#8217;\u00e9ventuelles violations des droits de propri\u00e9t\u00e9 intellectuelle ou industrielle, ainsi que sur tout contenu du site Web, vous pouvez le faire par courrier \u00e9lectronique <a href=\"mailto:infunda@infunda.com\">infunda@infunda.com<\/a>.<\/p>\n<h4 id=\"exenci-n-de-responsabilidades\">CLAUSE DE NON-RESPONSABILIT\u00c9<\/h4>\n<p>Le RESPONSABLE est exon\u00e9r\u00e9 de tout type de responsabilit\u00e9 d\u00e9riv\u00e9e des informations publi\u00e9es sur son site Web chaque fois que ces informations ont \u00e9t\u00e9 manipul\u00e9es ou introduites par un tiers qui ne lui est pas li\u00e9.<\/p>\n<h4 id=\"uso-de-cookies\">Utilisation des cookies<\/h4>\n<p>Ce site Web peut utiliser des cookies techniques (petits fichiers d&#8217;informations que le serveur envoie \u00e0 l&#8217;ordinateur de la personne acc\u00e9dant \u00e0 la page) pour r\u00e9aliser certaines fonctions consid\u00e9r\u00e9es comme essentielles au bon fonctionnement et \u00e0 l&#8217;affichage du site. Les cookies utilis\u00e9s sont en tout cas de nature temporaire, dans le seul but de rendre la navigation plus efficace et disparaissent \u00e0 la fin de la session de l&#8217;utilisateur. En aucun cas ces cookies ne fournissent \u00e0 eux seuls des donn\u00e9es personnelles et ne serviront pas \u00e0 les collecter.<\/p>\n<p>Gr\u00e2ce \u00e0 l&#8217;utilisation de cookies, il est \u00e9galement possible que le serveur sur lequel se trouve le site Web reconnaisse le navigateur utilis\u00e9 par l&#8217;utilisateur afin de faciliter la navigation, en permettant, par exemple, l&#8217;acc\u00e8s aux utilisateurs pr\u00e9alablement inscrits aux zones, services. , promotions ou concours qui leur sont r\u00e9serv\u00e9s exclusivement sans avoir \u00e0 s&#8217;inscrire \u00e0 chaque visite. Ils peuvent \u00e9galement \u00eatre utilis\u00e9s pour mesurer l&#8217;audience, les param\u00e8tres de trafic, contr\u00f4ler la progression et le nombre d&#8217;entr\u00e9es, etc., dans ces cas les cookies \u00e9tant techniquement superflus mais b\u00e9n\u00e9fiques pour l&#8217;utilisateur. Ce site Web n&#8217;installera pas de cookies inutiles sans le consentement pr\u00e9alable de l&#8217;utilisateur.<\/p>\n<p>L&#8217;utilisateur a la possibilit\u00e9 de configurer son navigateur pour \u00eatre alert\u00e9 de la r\u00e9ception de cookies et emp\u00eacher leur installation sur son ordinateur. Veuillez consulter les instructions de votre navigateur pour plus d&#8217;informations.<\/p>\n<h4 id=\"pol-tica-de-enlaces\">Politique de lien<\/h4>\n<p>\u00c0 partir du site Web, vous pouvez \u00eatre redirig\u00e9 vers du contenu sur des sites Web tiers. \u00c9tant donn\u00e9 que le RESPONSABLE ne peut pas toujours contr\u00f4ler les contenus introduits par des tiers sur leurs sites Web respectifs, il n&#8217;assume aucune responsabilit\u00e9 quant \u00e0 ces contenus. Dans tous les cas, il proc\u00e9dera au retrait imm\u00e9diat de tout contenu susceptible de contrevenir \u00e0 la l\u00e9gislation nationale ou internationale, aux bonnes m\u0153urs ou \u00e0 l&#8217;ordre public, en proc\u00e9dant au retrait imm\u00e9diat de la redirection vers ledit site Web, en portant le contenu \u00e0 la connaissance des autorit\u00e9s comp\u00e9tentes. en question.<\/p>\n<p>Le RESPONSABLE n&#8217;est pas responsable des informations et des contenus stock\u00e9s, \u00e0 titre d&#8217;exemple mais sans s&#8217;y limiter, dans les forums, chats, g\u00e9n\u00e9rateurs de blogs, commentaires, r\u00e9seaux sociaux ou tout autre moyen permettant \u00e0 des tiers de publier du contenu de mani\u00e8re ind\u00e9pendante sur le site Internet de. le RESPONSABLE. Cependant, et conform\u00e9ment aux dispositions des articles 11 et 16 de la LSSICE, il est mis \u00e0 la disposition de tous les utilisateurs, autorit\u00e9s et forces de s\u00e9curit\u00e9, collaborant activement au retrait ou, le cas \u00e9ch\u00e9ant, au blocage de tous les contenus susceptibles d&#8217;affecter ou de contrevenir. la l\u00e9gislation nationale ou internationale, les droits des tiers ou encore les bonnes m\u0153urs et l&#8217;ordre public. Si l&#8217;utilisateur estime qu&#8217;il existe un contenu sur le site Web susceptible d&#8217;\u00eatre soumis \u00e0 cette classification, il est pri\u00e9 d&#8217;en informer imm\u00e9diatement l&#8217;administrateur du site Web.<\/p>\n<p>Ce site Web a \u00e9t\u00e9 examin\u00e9 et test\u00e9 pour fonctionner correctement. En principe, le bon fonctionnement peut \u00eatre garanti 365 jours par an, 24 heures sur 24. Cependant, le RESPONSABLE n&#8217;exclut pas la possibilit\u00e9 que certaines erreurs de programmation se produisent, ou que des cas de force majeure, des catastrophes naturelles, des gr\u00e8ves ou des circonstances similaires puissent survenir rendant impossible l&#8217;acc\u00e8s au site Web.<\/p>\n<h4 id=\"direcciones-ip\">Adresses IP<\/h4>\n<p>Les serveurs du site Web peuvent d\u00e9tecter automatiquement l&#8217;adresse IP et le nom de domaine utilis\u00e9s par l&#8217;utilisateur. Une adresse IP est un num\u00e9ro automatiquement attribu\u00e9 \u00e0 un ordinateur lorsqu&#8217;il se connecte \u00e0 Internet. Toutes ces informations sont enregistr\u00e9es dans un fichier d&#8217;activit\u00e9 du serveur d\u00fbment enregistr\u00e9 qui permet le traitement ult\u00e9rieur des donn\u00e9es afin d&#8217;obtenir uniquement des mesures statistiques permettant de conna\u00eetre le nombre d&#8217;impressions de pages, le nombre de visites effectu\u00e9es sur les serveurs Web, l&#8217;ordre des visites. , le point d&#8217;acc\u00e8s, etc.<\/p>\n<h4 id=\"ley-aplicable-y-jurisdicci-n\">LOI APPLICABLE ET JURIDICTION<\/h4>\n<p>Pour la r\u00e9solution de tous les litiges ou probl\u00e8mes li\u00e9s \u00e0 ce site Web ou aux activit\u00e9s qui y sont r\u00e9alis\u00e9es, la l\u00e9gislation espagnole s&#8217;appliquera, \u00e0 laquelle les parties se soumettent express\u00e9ment, \u00e9tant comp\u00e9tentes pour la r\u00e9solution de tous les conflits survenant ou li\u00e9s \u00e0 son utilisation, les Cours et Tribunaux. le plus proche de Barcelone.<\/p>\n\t\t\t\t\t\t<\/div>\n\t\t\t\t<\/div>\n\t\t\t\t\t<\/div>\n\t\t<\/div>\n\t\t\t\t\t<\/div>\n\t\t<\/section>\n\t\t\t\t<\/div>\n\t\t","protected":false},"excerpt":{"rendered":"<p>LOI SUR LES SERVICES DE LA SOCI\u00c9T\u00c9 DE L&#8217;INFORMATION (LSSI) INFUNDA S.A, responsable du site Web, ci-apr\u00e8s RESPONSABLE, met \u00e0 la disposition des utilisateurs ce document, avec lequel elle entend&hellip;<\/p>\n","protected":false},"author":1,"featured_media":0,"parent":0,"menu_order":0,"comment_status":"closed","ping_status":"closed","template":"","meta":{"footnotes":""},"class_list":["post-22240","page","type-page","status-publish","hentry"],"_links":{"self":[{"href":"https:\/\/www.infunda.com\/fr\/wp-json\/wp\/v2\/pages\/22240","targetHints":{"allow":["GET"]}}],"collection":[{"href":"https:\/\/www.infunda.com\/fr\/wp-json\/wp\/v2\/pages"}],"about":[{"href":"https:\/\/www.infunda.com\/fr\/wp-json\/wp\/v2\/types\/page"}],"author":[{"embeddable":true,"href":"https:\/\/www.infunda.com\/fr\/wp-json\/wp\/v2\/users\/1"}],"replies":[{"embeddable":true,"href":"https:\/\/www.infunda.com\/fr\/wp-json\/wp\/v2\/comments?post=22240"}],"version-history":[{"count":1,"href":"https:\/\/www.infunda.com\/fr\/wp-json\/wp\/v2\/pages\/22240\/revisions"}],"predecessor-version":[{"id":22241,"href":"https:\/\/www.infunda.com\/fr\/wp-json\/wp\/v2\/pages\/22240\/revisions\/22241"}],"wp:attachment":[{"href":"https:\/\/www.infunda.com\/fr\/wp-json\/wp\/v2\/media?parent=22240"}],"curies":[{"name":"wp","href":"https:\/\/api.w.org\/{rel}","templated":true}]}}