{"id":22246,"date":"2024-07-28T15:32:10","date_gmt":"2024-07-28T13:32:10","guid":{"rendered":"https:\/\/www.infunda.com\/politique-de-confidentialite\/"},"modified":"2024-12-24T14:17:56","modified_gmt":"2024-12-24T13:17:56","slug":"politique-de-confidentialite","status":"publish","type":"page","link":"https:\/\/www.infunda.com\/fr\/politique-de-confidentialite\/","title":{"rendered":"Politique de confidentialit\u00e9"},"content":{"rendered":"\t\t<div data-elementor-type=\"wp-page\" data-elementor-id=\"22246\" class=\"elementor elementor-22246 elementor-20674\">\n\t\t\t\t\t\t<section class=\"elementor-section elementor-top-section elementor-element elementor-element-390bfa9b elementor-section-boxed elementor-section-height-default elementor-section-height-default sc_fly_static\" data-id=\"390bfa9b\" data-element_type=\"section\">\n\t\t\t\t\t\t<div class=\"elementor-container elementor-column-gap-extended\">\n\t\t\t\t\t<div class=\"elementor-column elementor-col-100 elementor-top-column elementor-element elementor-element-15ddc19 sc_inner_width_none sc_content_align_inherit sc_layouts_column_icons_position_left sc_fly_static\" data-id=\"15ddc19\" data-element_type=\"column\">\n\t\t\t<div class=\"elementor-widget-wrap elementor-element-populated\">\n\t\t\t\t\t\t<div class=\"elementor-element elementor-element-4c41eb37 sc_fly_static elementor-widget elementor-widget-text-editor\" data-id=\"4c41eb37\" data-element_type=\"widget\" data-widget_type=\"text-editor.default\">\n\t\t\t\t<div class=\"elementor-widget-container\">\n\t\t\t\t\t\t\t<h4 id=\"informaci-n-al-usuario\">INFORMATIONS UTILISATEUR<\/h4>\n<p><strong>INFUNDA S.A, <\/strong>ci-apr\u00e8s RESPONSABLE, est le Responsable du traitement des donn\u00e9es personnelles de l&#8217;Utilisateur et vous informe que ces donn\u00e9es seront trait\u00e9es conform\u00e9ment aux dispositions de la r\u00e9glementation en vigueur sur la protection des donn\u00e9es personnelles, R\u00e8glement (UE) 2016\/679 du mois d&#8217;avril. 27, 2016 (RGPD) concernant la protection des personnes physiques \u00e0 l&#8217;\u00e9gard du traitement des donn\u00e9es personnelles et la libre circulation de ces donn\u00e9es, pour laquelle Fournit les informations de traitement suivantes :<br \/><strong>Fin du traitement :<\/strong> entretenir une relation commerciale avec l&#8217;Utilisateur. Les op\u00e9rations pr\u00e9vues pour r\u00e9aliser le traitement sont :<\/p>\n<ul>\n<li>Envoi de communications publicitaires commerciales par courrier \u00e9lectronique, fax, SMS, MMS, communaut\u00e9s sociales ou tout autre moyen \u00e9lectronique ou physique, pr\u00e9sent ou futur, permettant d&#8217;effectuer des communications commerciales, \u00e0 condition qu&#8217;elles aient \u00e9t\u00e9 pr\u00e9alablement autoris\u00e9es. Ces communications seront effectu\u00e9es par le CONTR\u00d4LEUR et li\u00e9es \u00e0 ses produits et services, ou \u00e0 ses collaborateurs ou fournisseurs avec lesquels il a conclu un accord promotionnel. Dans ce cas, les tiers n\u2019auront jamais acc\u00e8s aux donn\u00e9es personnelles.<\/li>\n<li>R\u00e9aliser des \u00e9tudes statistiques.<\/li>\n<li>Traiter les commandes, les demandes ou tout type de demande formul\u00e9e par l&#8217;utilisateur via l&#8217;un des formulaires de contact mis \u00e0 disposition.<\/li>\n<li>Envoyez la newsletter du site.<\/li>\n<\/ul>\n<p><strong>Crit\u00e8res de conservation des donn\u00e9es <\/strong>: elles seront conserv\u00e9es aussi longtemps qu&#8217;il existe un int\u00e9r\u00eat mutuel \u00e0 maintenir la finalit\u00e9 du traitement et lorsqu&#8217;elles ne seront plus n\u00e9cessaires \u00e0 cette finalit\u00e9, elles seront supprim\u00e9es avec des mesures de s\u00e9curit\u00e9 appropri\u00e9es pour garantir la pseudonymisation des donn\u00e9es ou la destruction totale des donn\u00e9es elles-m\u00eames.<br \/><strong>Communication des donn\u00e9es<\/strong> : Les donn\u00e9es ne seront pas communiqu\u00e9es \u00e0 des tiers, sauf obligation l\u00e9gale.<br \/><strong>Droits qui assistent l&#8217;Utilisateur :<\/strong><\/p>\n<ul>\n<li>Droit de retirer son consentement \u00e0 tout moment.<\/li>\n<li>Droit d&#8217;acc\u00e8s, de rectification, de portabilit\u00e9 et de suppression de vos donn\u00e9es et de limitation ou d&#8217;opposition \u00e0 leur traitement.<\/li>\n<li>Droit de d\u00e9poser une r\u00e9clamation aupr\u00e8s de l&#8217;autorit\u00e9 de contr\u00f4le (www.aepd.es.) si vous estimez que le traitement n&#8217;est pas conforme \u00e0 la r\u00e9glementation en vigueur.<\/li>\n<\/ul>\n<p><strong>Coordonn\u00e9es pour exercer vos droits :<\/strong><br \/>INFUNDA S.A.<br \/>Adresse postale : Passatge del Metall, 15 Bis P. I. Sant Vicen\u00e7, 08755 CASTELLBISBAL \u2013 Barcelone (Espagne)<br \/>Courriel : <span style=\"color: #85b7d5;\"><a href=\"mailto:infunda@infunda.com\">infunda@infunda.com<\/a><\/span><\/p>\n<h4 id=\"car-cter-obligatorio-o-facultativo-de-la-informaci-n-facilitada-por-el-usuario\">CARACT\u00c8RE OBLIGATOIRE OU OPTIONNEL DES INFORMATIONS FOURNIES PAR L&#8217;UTILISATEUR<\/h4>\n<p>Les utilisateurs, en cochant les cases correspondantes et en saisissant les donn\u00e9es dans les champs marqu\u00e9s d&#8217;un ast\u00e9risque (*) dans le formulaire de contact ou pr\u00e9sent\u00e9s dans les formulaires de t\u00e9l\u00e9chargement, acceptent express\u00e9ment, librement et sans \u00e9quivoque que leurs donn\u00e9es soient n\u00e9cessaires pour r\u00e9pondre \u00e0 votre demande, par le fournisseur, l\u2019inclusion des donn\u00e9es dans les champs restants \u00e9tant volontaire. L&#8217;Utilisateur garantit que les donn\u00e9es personnelles fournies au RESPONSABLE sont v\u00e9ridiques et est responsable de communiquer toute modification de celles-ci.<br \/>Le RESPONSABLE informe et garantit express\u00e9ment aux utilisateurs que leurs donn\u00e9es personnelles ne seront en aucun cas c\u00e9d\u00e9es \u00e0 des tiers, et que chaque fois que tout type de transfert de donn\u00e9es personnelles sera effectu\u00e9, le consentement expr\u00e8s, \u00e9clair\u00e9 et sans \u00e9quivoque des utilisateurs sera demand\u00e9 dans avance. Toutes les donn\u00e9es demand\u00e9es via le site Web sont obligatoires, car elles sont n\u00e9cessaires pour fournir un service optimal \u00e0 l&#8217;utilisateur. Si toutes les donn\u00e9es ne sont pas fournies, il n&#8217;est pas garanti que les informations et les services fournis soient enti\u00e8rement adapt\u00e9s \u00e0 vos besoins.<\/p>\n<h4 id=\"medidas-de-seguridad\">MESURES DE S\u00c9CURIT\u00c9<\/h4>\n<p>Que conform\u00e9ment aux dispositions de la r\u00e9glementation en vigueur sur la protection des donn\u00e9es personnelles, le RESPONSABLE respecte toutes les dispositions de la r\u00e9glementation RGPD pour les traitements de donn\u00e9es personnelles sous sa responsabilit\u00e9, et manifestement aux principes d\u00e9crits \u00e0 l&#8217;article 5 du RGPD. , par lequel ils sont trait\u00e9s de mani\u00e8re licite, \u00e9quitable et transparente par rapport \u00e0 l&#8217;int\u00e9ress\u00e9 et ad\u00e9quate, pertinente et limit\u00e9e \u00e0 ce qui est n\u00e9cessaire au regard des finalit\u00e9s pour lesquelles ils sont trait\u00e9s.<br \/>Le RESPONSABLE garantit avoir mis en \u0153uvre des politiques techniques et organisationnelles appropri\u00e9es pour appliquer les mesures de s\u00e9curit\u00e9 \u00e9tablies par le RGPD afin de prot\u00e9ger les droits et libert\u00e9s des Utilisateurs et leur avoir communiqu\u00e9 les informations appropri\u00e9es afin qu&#8217;ils puissent les exercer.<\/p>\n\t\t\t\t\t\t<\/div>\n\t\t\t\t<\/div>\n\t\t\t\t\t<\/div>\n\t\t<\/div>\n\t\t\t\t\t<\/div>\n\t\t<\/section>\n\t\t\t\t<\/div>\n\t\t","protected":false},"excerpt":{"rendered":"<p>INFORMATIONS UTILISATEUR INFUNDA S.A, ci-apr\u00e8s RESPONSABLE, est le Responsable du traitement des donn\u00e9es personnelles de l&#8217;Utilisateur et vous informe que ces donn\u00e9es seront trait\u00e9es conform\u00e9ment aux dispositions de la r\u00e9glementation&hellip;<\/p>\n","protected":false},"author":1,"featured_media":0,"parent":0,"menu_order":0,"comment_status":"closed","ping_status":"closed","template":"","meta":{"footnotes":""},"class_list":["post-22246","page","type-page","status-publish","hentry"],"_links":{"self":[{"href":"https:\/\/www.infunda.com\/fr\/wp-json\/wp\/v2\/pages\/22246","targetHints":{"allow":["GET"]}}],"collection":[{"href":"https:\/\/www.infunda.com\/fr\/wp-json\/wp\/v2\/pages"}],"about":[{"href":"https:\/\/www.infunda.com\/fr\/wp-json\/wp\/v2\/types\/page"}],"author":[{"embeddable":true,"href":"https:\/\/www.infunda.com\/fr\/wp-json\/wp\/v2\/users\/1"}],"replies":[{"embeddable":true,"href":"https:\/\/www.infunda.com\/fr\/wp-json\/wp\/v2\/comments?post=22246"}],"version-history":[{"count":1,"href":"https:\/\/www.infunda.com\/fr\/wp-json\/wp\/v2\/pages\/22246\/revisions"}],"predecessor-version":[{"id":22247,"href":"https:\/\/www.infunda.com\/fr\/wp-json\/wp\/v2\/pages\/22246\/revisions\/22247"}],"wp:attachment":[{"href":"https:\/\/www.infunda.com\/fr\/wp-json\/wp\/v2\/media?parent=22246"}],"curies":[{"name":"wp","href":"https:\/\/api.w.org\/{rel}","templated":true}]}}